{"id":129,"date":"2022-02-03T09:09:33","date_gmt":"2022-02-03T09:09:33","guid":{"rendered":"http:\/\/juliahatt.ch\/?page_id=129"},"modified":"2022-02-03T13:29:24","modified_gmt":"2022-02-03T13:29:24","slug":"relaunch-und-seo-fuer-camenzind-gartenbau","status":"publish","type":"page","link":"http:\/\/juliahatt.ch\/index.php\/relaunch-und-seo-fuer-camenzind-gartenbau\/","title":{"rendered":"Relaunch und SEO f\u00fcr Camenzind Gartenbau"},"content":{"rendered":"\n<div class=\"wp-block-cover alignfull has-parallax is-style-default\" style=\"padding-top:50px;padding-right:50px;padding-bottom:50px;padding-left:50px;background-image:url(http:\/\/juliahatt.ch\/wp-content\/uploads\/2022\/02\/camenzind-header.jpg);min-height:600px;aspect-ratio:unset;\"><span aria-hidden=\"true\" class=\"has-secondary-background-color has-background-dim-60 wp-block-cover__gradient-background has-background-dim\"><\/span><div class=\"wp-block-cover__inner-container is-layout-flow wp-block-cover-is-layout-flow\">\n<p class=\"has-text-align-center has-large-font-size\">Kundenstory<\/p>\n\n\n\n<p><\/p>\n\n\n\n<h1 class=\"has-text-align-center wp-block-heading\" id=\"webwebsite-relaunch-seo-online-marketing-strategie-fur-camenzind-gartenbau-planung\">Website Relaunch, SEO &amp; Online Marketing Strategie f\u00fcr Camenzind Gartenbau + Planung<\/h1>\n<\/div><\/div>\n\n\n\n<div class=\"wp-block-group alignfull\" style=\"padding-top:20px;padding-right:20px;padding-bottom:20px;padding-left:20px\"><div class=\"wp-block-group__inner-container is-layout-flow wp-block-group-is-layout-flow\">\n<h2 class=\"has-text-align-center wp-block-heading\" id=\"uber-das-unternehmen\">\u00dcber das Unternehmen<\/h2>\n\n\n\n<div class=\"wp-block-columns alignfull are-vertically-aligned-top is-layout-flex wp-container-core-columns-is-layout-f5e77106 wp-block-columns-is-layout-flex\" style=\"padding-top:0px;padding-right:0px;padding-bottom:0px;padding-left:0px\">\n<div class=\"wp-block-column is-vertically-aligned-top is-layout-flow wp-block-column-is-layout-flow\">\n<div style=\"height:33px\" aria-hidden=\"true\" class=\"wp-block-spacer\"><\/div>\n\n\n\n<p class=\"has-text-align-left\">Die Camenzind Gartenbau + Planung AG ist ein innovativer Gartenbau-Familienbetrieb mit Standorten in Gersau und Brunnen. Mit seinem Team bietet Fabio  Camenzind verschiedene Dienstleistungen rund um den Garten in der Region Talkessel Schwyz und Vierwaldst\u00e4ttersee. <\/p>\n\n\n\n<p><\/p>\n\n\n\n<p>Der Betrieb z\u00e4hlt rund 11 Mitarbeiter:innen, die Tag verschiedene Projekte umsetzen.<\/p>\n\n\n\n<div style=\"height:20px\" aria-hidden=\"true\" class=\"wp-block-spacer\"><\/div>\n<\/div>\n\n\n\n<div class=\"wp-block-column is-vertically-aligned-top is-layout-flow wp-block-column-is-layout-flow\">\n<div style=\"height:20px\" aria-hidden=\"true\" class=\"wp-block-spacer\"><\/div>\n\n\n\n<div class=\"wp-block-image\"><figure class=\"aligncenter size-full is-resized\"><img loading=\"lazy\" decoding=\"async\" src=\"http:\/\/juliahatt.ch\/wp-content\/uploads\/2022\/02\/Camenzind-gartenbau.jpg\" alt=\"\" class=\"wp-image-104\" width=\"200\" height=\"200\" srcset=\"http:\/\/juliahatt.ch\/wp-content\/uploads\/2022\/02\/Camenzind-gartenbau.jpg 400w, http:\/\/juliahatt.ch\/wp-content\/uploads\/2022\/02\/Camenzind-gartenbau-300x300.jpg 300w, http:\/\/juliahatt.ch\/wp-content\/uploads\/2022\/02\/Camenzind-gartenbau-150x150.jpg 150w\" sizes=\"auto, (max-width: 200px) 100vw, 200px\" \/><\/figure><\/div>\n<\/div>\n<\/div>\n<\/div><\/div>\n\n\n\n<div style=\"height:20px\" aria-hidden=\"true\" class=\"wp-block-spacer\"><\/div>\n\n\n\n<div class=\"wp-block-group alignfull has-secondary-background-color has-background\" style=\"padding-top:50px;padding-right:50px;padding-bottom:50px;padding-left:50px\"><div class=\"wp-block-group__inner-container is-layout-flow wp-block-group-is-layout-flow\">\n<div class=\"wp-block-columns is-layout-flex wp-container-core-columns-is-layout-9d6595d7 wp-block-columns-is-layout-flex\">\n<div class=\"wp-block-column is-layout-flow wp-block-column-is-layout-flow\" style=\"flex-basis:33.33%\">\n<div style=\"height:22px\" aria-hidden=\"true\" class=\"wp-block-spacer\"><\/div>\n\n\n\n<figure class=\"wp-block-image size-full\"><img loading=\"lazy\" decoding=\"async\" width=\"945\" height=\"985\" src=\"http:\/\/juliahatt.ch\/wp-content\/uploads\/2022\/02\/CamenzindFabio.png\" alt=\"\" class=\"wp-image-142\" srcset=\"http:\/\/juliahatt.ch\/wp-content\/uploads\/2022\/02\/CamenzindFabio.png 945w, http:\/\/juliahatt.ch\/wp-content\/uploads\/2022\/02\/CamenzindFabio-288x300.png 288w, http:\/\/juliahatt.ch\/wp-content\/uploads\/2022\/02\/CamenzindFabio-768x801.png 768w\" sizes=\"auto, (max-width: 945px) 100vw, 945px\" \/><\/figure>\n<\/div>\n\n\n\n<div class=\"wp-block-column is-layout-flow wp-block-column-is-layout-flow\" style=\"flex-basis:66.66%\">\n<div style=\"height:39px\" aria-hidden=\"true\" class=\"wp-block-spacer\"><\/div>\n\n\n\n<blockquote class=\"wp-block-quote is-layout-flow wp-block-quote-is-layout-flow\" style=\"color:#ffffff\"><p>Julia steht mir immer ehrlich zur Seite  und unterst\u00fctzt mich professionell  bez\u00fcglich Website und Online Marketing. Die neue Website kommt auch bei meinen potentiellen Kunden sehr gut an und was das Wichtigste ist: sie wird gefunden.<\/p><\/blockquote>\n\n\n\n<div style=\"height:28px\" aria-hidden=\"true\" class=\"wp-block-spacer\"><\/div>\n\n\n\n<p class=\"has-quaternary-color has-text-color\">Fabio Camenzind &#8211; Gesch\u00e4ftsf\u00fchrer Camenzind Gartenbau + Planung AG<\/p>\n<\/div>\n<\/div>\n<\/div><\/div>\n\n\n\n<div class=\"wp-block-group alignfull\"><div class=\"wp-block-group__inner-container is-layout-flow wp-block-group-is-layout-flow\">\n<h2 class=\"has-text-align-center wp-block-heading\" id=\"umgesetzte-arbeiten\">Umgesetzte Arbeiten<\/h2>\n\n\n\n<div class=\"wp-block-columns alignfull is-layout-flex wp-container-core-columns-is-layout-ab5c11c5 wp-block-columns-is-layout-flex\" style=\"padding-top:50px;padding-right:50px;padding-bottom:50px;padding-left:50px\">\n<div class=\"wp-block-column is-layout-flow wp-block-column-is-layout-flow\">\n<h4 class=\"has-text-align-center wp-block-heading\" id=\"relaunch-website\">Relaunch Website<\/h4>\n\n\n\n<div style=\"height:5px\" aria-hidden=\"true\" class=\"wp-block-spacer\"><\/div>\n\n\n\n<p class=\"has-text-align-center\">Die bestehende Website kam an ihr Lebensende und war kaum auf die Zielgruppe ausgerichtet. Zusammen haben wir nach einem passenden Design f\u00fcr die neue Website gesucht, die alle Anforderungen erf\u00fcllt. Danach haben wir aufgrund des SEO-Konzepts die Website erstellt. Die Aufgaben haben wir im Vorfeld klar aufgeteilt, damit das Projekt effizient und zielgerichtet umgesetzt werden kann. <\/p>\n\n\n\n<div style=\"height:12px\" aria-hidden=\"true\" class=\"wp-block-spacer\"><\/div>\n<\/div>\n\n\n\n<div class=\"wp-block-column is-layout-flow wp-block-column-is-layout-flow\">\n<h4 class=\"has-text-align-center wp-block-heading\" id=\"relaunch-website\">Suchmaschinenoptimierung<\/h4>\n\n\n\n<div style=\"height:5px\" aria-hidden=\"true\" class=\"wp-block-spacer\"><\/div>\n\n\n\n<p class=\"has-text-align-center\">Die bestehende Website war in den Suchmaschinen beinahe inexistent. Nach einer initialen Keywordrecherche sowie einer Zielgruppenuntersuchung erstellten wir eine Strategie, wie die Angebotsseiten aufgebaut werden und was integriert werden sollte.  Die Website rankt nun lokal zu den 10 wichtigsten definierten Keywords.<\/p>\n\n\n\n<div style=\"height:12px\" aria-hidden=\"true\" class=\"wp-block-spacer\"><\/div>\n<\/div>\n\n\n\n<div class=\"wp-block-column is-layout-flow wp-block-column-is-layout-flow\">\n<h4 class=\"has-text-align-center wp-block-heading\" id=\"relaunch-website\">Online Marketing Beratung<\/h4>\n\n\n\n<div style=\"height:5px\" aria-hidden=\"true\" class=\"wp-block-spacer\"><\/div>\n\n\n\n<p class=\"has-text-align-center\">F\u00fcr ein KMU wie Camenzind Gartenbau + Planung ist es nicht immer einfach in der Flut der vielen Online Marketing-Angeboten und Telefonanrufen den richtigen Weg zu w\u00e4hlen und zu bestimmen, was zielf\u00fchrend ist und was nicht. Regelm\u00e4ssig besprechen wir die langfristige Strategie und die n\u00f6tigen n\u00e4chsten Schritte.<\/p>\n\n\n\n<p><\/p>\n\n\n\n<div style=\"height:12px\" aria-hidden=\"true\" class=\"wp-block-spacer\"><\/div>\n<\/div>\n<\/div>\n<\/div><\/div>\n\n\n\n<div style=\"height:21px\" aria-hidden=\"true\" class=\"wp-block-spacer\"><\/div>\n\n\n\n<div class=\"wp-block-group alignfull has-quaternary-color has-secondary-background-color has-text-color has-background\"><div class=\"wp-block-group__inner-container is-layout-flow wp-block-group-is-layout-flow\">\n<h2 class=\"alignfull has-text-align-center has-quaternary-color has-text-color wp-block-heading\" id=\"auszug-aus-der-neuen-website\">Auszug aus der neuen Website<\/h2>\n\n\n\n<figure class=\"wp-block-gallery has-nested-images columns-default is-cropped wp-block-gallery-1 is-layout-flex wp-block-gallery-is-layout-flex\">\n<figure class=\"wp-block-image size-large\"><img loading=\"lazy\" decoding=\"async\" width=\"800\" height=\"539\" data-id=\"146\" src=\"http:\/\/juliahatt.ch\/wp-content\/uploads\/2022\/02\/camenzind-relaunch-website1-k.jpg\" alt=\"\" class=\"wp-image-146\" srcset=\"http:\/\/juliahatt.ch\/wp-content\/uploads\/2022\/02\/camenzind-relaunch-website1-k.jpg 800w, http:\/\/juliahatt.ch\/wp-content\/uploads\/2022\/02\/camenzind-relaunch-website1-k-300x202.jpg 300w, http:\/\/juliahatt.ch\/wp-content\/uploads\/2022\/02\/camenzind-relaunch-website1-k-768x517.jpg 768w\" sizes=\"auto, (max-width: 800px) 100vw, 800px\" \/><\/figure>\n\n\n\n<figure class=\"wp-block-image size-large\"><img loading=\"lazy\" decoding=\"async\" width=\"800\" height=\"546\" data-id=\"147\" src=\"http:\/\/juliahatt.ch\/wp-content\/uploads\/2022\/02\/camenzind-relaunch-website2-k.jpg\" alt=\"\" class=\"wp-image-147\" srcset=\"http:\/\/juliahatt.ch\/wp-content\/uploads\/2022\/02\/camenzind-relaunch-website2-k.jpg 800w, http:\/\/juliahatt.ch\/wp-content\/uploads\/2022\/02\/camenzind-relaunch-website2-k-300x205.jpg 300w, http:\/\/juliahatt.ch\/wp-content\/uploads\/2022\/02\/camenzind-relaunch-website2-k-768x524.jpg 768w\" sizes=\"auto, (max-width: 800px) 100vw, 800px\" \/><\/figure>\n\n\n\n<figure class=\"wp-block-image size-large\"><img loading=\"lazy\" decoding=\"async\" width=\"800\" height=\"601\" data-id=\"148\" src=\"http:\/\/juliahatt.ch\/wp-content\/uploads\/2022\/02\/website-erstellen-klein-1.jpg\" alt=\"\" class=\"wp-image-148\" srcset=\"http:\/\/juliahatt.ch\/wp-content\/uploads\/2022\/02\/website-erstellen-klein-1.jpg 800w, http:\/\/juliahatt.ch\/wp-content\/uploads\/2022\/02\/website-erstellen-klein-1-300x225.jpg 300w, http:\/\/juliahatt.ch\/wp-content\/uploads\/2022\/02\/website-erstellen-klein-1-768x577.jpg 768w\" sizes=\"auto, (max-width: 800px) 100vw, 800px\" \/><\/figure>\n<\/figure>\n\n\n\n<div style=\"height:67px\" aria-hidden=\"true\" class=\"wp-block-spacer\"><\/div>\n\n\n\n<div class=\"wp-block-buttons is-content-justification-center is-layout-flex wp-container-core-buttons-is-layout-16018d1d wp-block-buttons-is-layout-flex\">\n<div class=\"wp-block-button\"><a class=\"wp-block-button__link\" href=\"https:\/\/camenzind-gartenbau.ch\/\">Website besuchen<\/a><\/div>\n<\/div>\n<\/div><\/div>\n\n\n\n<div class=\"wp-block-group alignfull has-primary-background-color has-background\" style=\"padding-top:20px;padding-right:20px;padding-bottom:20px;padding-left:20px\"><div class=\"wp-block-group__inner-container is-layout-flow wp-block-group-is-layout-flow\">\n<div style=\"height:42px\" aria-hidden=\"true\" class=\"wp-block-spacer\"><\/div>\n\n\n\n<p class=\"has-text-align-center\">Du brauchst Hilfe?<\/p>\n\n\n\n<h2 class=\"has-text-align-center wp-block-heading\" id=\"lass-uns-uber-deine-ziele-sprechen\">Lass uns \u00fcber deine Ziele sprechen<\/h2>\n\n\n\n<div class=\"wp-block-columns alignfull is-layout-flex wp-container-core-columns-is-layout-9d6595d7 wp-block-columns-is-layout-flex\">\n<div class=\"wp-block-column is-layout-flow wp-block-column-is-layout-flow\" style=\"padding-top:0px;padding-right:0px;padding-bottom:0px;padding-left:0px\">\n<p class=\"has-medium-font-size\">Ich freue mich von dir zu h\u00f6ren!<\/p>\n\n\n\n<p><\/p>\n\n\n\n<p class=\"has-medium-font-size\">Egal wo du stehst oder was deine Probleme sind, sprechen wir dar\u00fcber. Es ist wichtig, die Online Marketing Strategie vorausschauend zu planen und zwar bevor die Website umgesetzt ist. <\/p>\n\n\n\n<p class=\"has-medium-font-size\">Wird beispielsweise Suchmaschinenoptimierung beim Websitekonzept bereits als fester Bestandteil integriert, ist das Projekt effizienter, denn es m\u00fcssen im Nachhinein keine grossen Anpassungen mehr gemacht werden. Du sparst also Zeit und Geld. <\/p>\n<\/div>\n\n\n\n<div class=\"wp-block-column is-layout-flow wp-block-column-is-layout-flow\">\n\t\t<div class=\"coblocks-form\" id=\"340b3d2ed0f25346f77c0cfdd86115be261350dd\">\n\n\t\t\t\n\t\t\t<form action=\"http:\/\/juliahatt.ch\/index.php\/relaunch-und-seo-fuer-camenzind-gartenbau\/#340b3d2ed0f25346f77c0cfdd86115be261350dd\" method=\"post\">\n\t\t\t\t\n<div class=\"wp-block-coblocks-form\"><label class=\"coblocks-label\">Vorname \/ Name <span class=\"required\">&#042;<\/span><\/label>\n\t\t<input type=\"hidden\" name=\"field-vorname-name[label]\" value=\"Vorname \/ Name\">\n\n\t\t\t\t<input type=\"hidden\" id=\"name-field-id\" name=\"name-field-id\" class=\"coblocks-name-field-id\" value=\"field-vorname-name\" \/>\n\t\t\n\t\t<input type=\"text\" id=\"vorname-name\" name=\"field-vorname-name[value]\" class=\"coblocks-field coblocks-field--name\" required \/>\n\n\t\t\n\n<label class=\"coblocks-label\">Unternehmen<\/label>\n\t\t<input type=\"hidden\" name=\"field-unternehmen-2[label]\" value=\"Unternehmen\">\n\n\t\t\t\t<input type=\"hidden\" id=\"name-field-id\" name=\"name-field-id\" class=\"coblocks-name-field-id\" value=\"field-unternehmen-2\" \/>\n\t\t\n\t\t<input type=\"text\" id=\"unternehmen-2\" name=\"field-unternehmen-2[value]\" class=\"coblocks-field coblocks-field--name\"  \/>\n\n\t\t\n\n<label class=\"coblocks-label\">Website<\/label>\n\t\t<input type=\"hidden\" name=\"field-website-3[label]\" value=\"Website\">\n\n\t\t\t\t<input type=\"hidden\" id=\"name-field-id\" name=\"name-field-id\" class=\"coblocks-name-field-id\" value=\"field-website-3\" \/>\n\t\t\n\t\t<input type=\"text\" id=\"website-3\" name=\"field-website-3[value]\" class=\"coblocks-field coblocks-field--name\"  \/>\n\n\t\t\n\n<label class=\"coblocks-label\">E-Mail <span class=\"required\">&#042;<\/span><\/label>\n\t\t<input type=\"hidden\" name=\"field-e-mail[label]\" value=\"E-Mail\">\n\n\t\t\n\t\t<input type=\"hidden\" id=\"email-field-id\" name=\"email-field-id\" class=\"coblocks-email-field-id\" value=\"field-e-mail\" \/>\n\t\t<input type=\"email\" id=\"e-mail\" aria-label=\"E-Mail\" name=\"field-e-mail[value]\" class=\"coblocks-field coblocks-field--email\" required \/>\n\n\t\t\n\n<label class=\"coblocks-label\">Nachricht <span class=\"required\">&#042;<\/span><\/label>\n\t\t<input type=\"hidden\" name=\"field-nachricht[label]\" value=\"Nachricht\">\n\n\t\t\n\t\t<textarea name=\"field-nachricht[value]\" aria-label=\"Nachricht\" id=\"nachricht\" class=\"coblocks-field coblocks-textarea\" rows=\"20\" required><\/textarea>\n\n\t\t\n\n\n\t\t<div class=\"coblocks-form__submit wp-block-button\">\n\t\t\t<button type=\"submit\" class=\"wp-block-button__link is-style-fill\" style=\"background-color: rgb(18,37,56);\">Kontaktieren<\/button>\n\t\t\t<input type=\"hidden\" id=\"form-submit\" name=\"form-submit\" value=\"cb62de29e2\" \/><input type=\"hidden\" name=\"_wp_http_referer\" value=\"\/index.php\/wp-json\/wp\/v2\/pages\/129\" \/>\t\t\t<input type=\"hidden\" name=\"action\" value=\"coblocks-form-submit\">\n\n\t\t\t\t\t<\/div>\n\n\t\t\n\n\n<div style=\"height:243px\" aria-hidden=\"true\" class=\"wp-block-spacer\"><\/div>\n<\/div>\n\t\t\t\t<input class=\"coblocks-field verify\" aria-label=\"Enter your email address to verify\" type=\"email\" name=\"coblocks-verify-email\" autocomplete=\"off\" placeholder=\"E-Mail\" tabindex=\"-1\">\n\t\t\t\t<input type=\"hidden\" name=\"form-hash\" value=\"340b3d2ed0f25346f77c0cfdd86115be261350dd\">\n\n\t\t\t\t\t\t\t<\/form>\n\n\t\t<\/div>\n\n\t\t<\/div>\n<\/div>\n<\/div><\/div>\n\n\n\n<div class=\"wp-block-group alignfull has-secondary-background-color has-background\"><div class=\"wp-block-group__inner-container is-layout-flow wp-block-group-is-layout-flow\">\n<div class=\"wp-block-columns is-layout-flex wp-container-core-columns-is-layout-9d6595d7 wp-block-columns-is-layout-flex\">\n<div class=\"wp-block-column is-layout-flow wp-block-column-is-layout-flow\">\n<figure class=\"wp-block-image size-full\"><img loading=\"lazy\" decoding=\"async\" width=\"328\" height=\"316\" src=\"http:\/\/juliahatt.ch\/wp-content\/uploads\/2022\/02\/logo-jh.jpg\" alt=\"\" class=\"wp-image-58\" srcset=\"http:\/\/juliahatt.ch\/wp-content\/uploads\/2022\/02\/logo-jh.jpg 328w, http:\/\/juliahatt.ch\/wp-content\/uploads\/2022\/02\/logo-jh-300x289.jpg 300w\" sizes=\"auto, (max-width: 328px) 100vw, 328px\" \/><\/figure>\n<\/div>\n\n\n\n<div class=\"wp-block-column has-quaternary-color has-text-color is-layout-flow wp-block-column-is-layout-flow\">\n<p><strong>Adresse<\/strong><\/p>\n\n\n\n<p>Julia Hatt<\/p>\n\n\n\n<p>Rebb\u00fcelstrasse 25<br>7320 Sargans<\/p>\n<\/div>\n\n\n\n<div class=\"wp-block-column has-quaternary-color has-text-color is-layout-flow wp-block-column-is-layout-flow\">\n<p><strong>E-Mail<\/strong><\/p>\n\n\n\n<p><a href=\"mailto:juliahatt@hotmail.com\">juliahatt@hotmail.com<\/a><\/p>\n\n\n\n<div style=\"height:14px\" aria-hidden=\"true\" class=\"wp-block-spacer\"><\/div>\n\n\n\n<p><strong>Mobile<\/strong><\/p>\n\n\n\n<p>079 750 54 03<\/p>\n<\/div>\n\n\n\n<div class=\"wp-block-column is-layout-flow wp-block-column-is-layout-flow\"><\/div>\n<\/div>\n<\/div><\/div>\n","protected":false},"excerpt":{"rendered":"<p>\u00dcber das Unternehmen Die Camenzind Gartenbau + Planung AG ist ein innovativer Gartenbau-Familienbetrieb mit Standorten in Gersau und Brunnen. Mit seinem Team bietet Fabio Camenzind verschiedene Dienstleistungen rund um den Garten in der Region Talkessel Schwyz und Vierwaldst\u00e4ttersee. Der Betrieb z\u00e4hlt rund 11 Mitarbeiter:innen, die Tag verschiedene Projekte umsetzen. Julia steht mir immer ehrlich zur [&hellip;]<\/p>\n","protected":false},"author":1,"featured_media":0,"parent":0,"menu_order":0,"comment_status":"closed","ping_status":"closed","template":"","meta":{"hide_page_title":"","_coblocks_attr":"Helvetica,Cormorant Garamond","_coblocks_dimensions":"","_coblocks_responsive_height":"","_coblocks_accordion_ie_support":"","footnotes":""},"class_list":["post-129","page","type-page","status-publish","hentry"],"yoast_head":"<!-- This site is optimized with the Yoast SEO plugin v21.8 - https:\/\/yoast.com\/wordpress\/plugins\/seo\/ -->\n<title>Relaunch und SEO f\u00fcr Camenzind Gartenbau - Julia Hatt<\/title>\n<meta name=\"robots\" content=\"index, follow, max-snippet:-1, max-image-preview:large, max-video-preview:-1\" \/>\n<link rel=\"canonical\" href=\"http:\/\/juliahatt.ch\/index.php\/relaunch-und-seo-fuer-camenzind-gartenbau\/\" \/>\n<meta property=\"og:locale\" content=\"de_DE\" \/>\n<meta property=\"og:type\" content=\"article\" \/>\n<meta property=\"og:title\" content=\"Relaunch und SEO f\u00fcr Camenzind Gartenbau - Julia Hatt\" \/>\n<meta property=\"og:description\" content=\"\u00dcber das Unternehmen Die Camenzind Gartenbau + Planung AG ist ein innovativer Gartenbau-Familienbetrieb mit Standorten in Gersau und Brunnen. Mit seinem Team bietet Fabio Camenzind verschiedene Dienstleistungen rund um den Garten in der Region Talkessel Schwyz und Vierwaldst\u00e4ttersee. Der Betrieb z\u00e4hlt rund 11 Mitarbeiter:innen, die Tag verschiedene Projekte umsetzen. Julia steht mir immer ehrlich zur [&hellip;]\" \/>\n<meta property=\"og:url\" content=\"http:\/\/juliahatt.ch\/index.php\/relaunch-und-seo-fuer-camenzind-gartenbau\/\" \/>\n<meta property=\"og:site_name\" content=\"Julia Hatt\" \/>\n<meta property=\"article:modified_time\" content=\"2022-02-03T13:29:24+00:00\" \/>\n<meta property=\"og:image\" content=\"http:\/\/juliahatt.ch\/wp-content\/uploads\/2022\/02\/Camenzind-gartenbau.jpg\" \/>\n<meta name=\"twitter:card\" content=\"summary_large_image\" \/>\n<meta name=\"twitter:label1\" content=\"Gesch\u00e4tzte Lesezeit\" \/>\n\t<meta name=\"twitter:data1\" content=\"4\u00a0Minuten\" \/>\n<script type=\"application\/ld+json\" class=\"yoast-schema-graph\">{\"@context\":\"https:\/\/schema.org\",\"@graph\":[{\"@type\":\"WebPage\",\"@id\":\"http:\/\/juliahatt.ch\/index.php\/relaunch-und-seo-fuer-camenzind-gartenbau\/\",\"url\":\"http:\/\/juliahatt.ch\/index.php\/relaunch-und-seo-fuer-camenzind-gartenbau\/\",\"name\":\"Relaunch und SEO f\u00fcr Camenzind Gartenbau - Julia Hatt\",\"isPartOf\":{\"@id\":\"http:\/\/juliahatt.ch\/#website\"},\"datePublished\":\"2022-02-03T09:09:33+00:00\",\"dateModified\":\"2022-02-03T13:29:24+00:00\",\"breadcrumb\":{\"@id\":\"http:\/\/juliahatt.ch\/index.php\/relaunch-und-seo-fuer-camenzind-gartenbau\/#breadcrumb\"},\"inLanguage\":\"de\",\"potentialAction\":[{\"@type\":\"ReadAction\",\"target\":[\"http:\/\/juliahatt.ch\/index.php\/relaunch-und-seo-fuer-camenzind-gartenbau\/\"]}]},{\"@type\":\"BreadcrumbList\",\"@id\":\"http:\/\/juliahatt.ch\/index.php\/relaunch-und-seo-fuer-camenzind-gartenbau\/#breadcrumb\",\"itemListElement\":[{\"@type\":\"ListItem\",\"position\":1,\"name\":\"Startseite\",\"item\":\"http:\/\/juliahatt.ch\/\"},{\"@type\":\"ListItem\",\"position\":2,\"name\":\"Relaunch und SEO f\u00fcr Camenzind Gartenbau\"}]},{\"@type\":\"WebSite\",\"@id\":\"http:\/\/juliahatt.ch\/#website\",\"url\":\"http:\/\/juliahatt.ch\/\",\"name\":\"Julia Hatt\",\"description\":\"Online Marketing Expertin\",\"publisher\":{\"@id\":\"http:\/\/juliahatt.ch\/#organization\"},\"potentialAction\":[{\"@type\":\"SearchAction\",\"target\":{\"@type\":\"EntryPoint\",\"urlTemplate\":\"http:\/\/juliahatt.ch\/?s={search_term_string}\"},\"query-input\":\"required name=search_term_string\"}],\"inLanguage\":\"de\"},{\"@type\":\"Organization\",\"@id\":\"http:\/\/juliahatt.ch\/#organization\",\"name\":\"Julia Hatt\",\"url\":\"http:\/\/juliahatt.ch\/\",\"logo\":{\"@type\":\"ImageObject\",\"inLanguage\":\"de\",\"@id\":\"http:\/\/juliahatt.ch\/#\/schema\/logo\/image\/\",\"url\":\"http:\/\/juliahatt.ch\/wp-content\/uploads\/2022\/02\/cropped-julia-hatt-logo-k.jpg\",\"contentUrl\":\"http:\/\/juliahatt.ch\/wp-content\/uploads\/2022\/02\/cropped-julia-hatt-logo-k.jpg\",\"width\":190,\"height\":190,\"caption\":\"Julia Hatt\"},\"image\":{\"@id\":\"http:\/\/juliahatt.ch\/#\/schema\/logo\/image\/\"}}]}<\/script>\n<!-- \/ Yoast SEO plugin. -->","yoast_head_json":{"title":"Relaunch und SEO f\u00fcr Camenzind Gartenbau - Julia Hatt","robots":{"index":"index","follow":"follow","max-snippet":"max-snippet:-1","max-image-preview":"max-image-preview:large","max-video-preview":"max-video-preview:-1"},"canonical":"http:\/\/juliahatt.ch\/index.php\/relaunch-und-seo-fuer-camenzind-gartenbau\/","og_locale":"de_DE","og_type":"article","og_title":"Relaunch und SEO f\u00fcr Camenzind Gartenbau - Julia Hatt","og_description":"\u00dcber das Unternehmen Die Camenzind Gartenbau + Planung AG ist ein innovativer Gartenbau-Familienbetrieb mit Standorten in Gersau und Brunnen. Mit seinem Team bietet Fabio Camenzind verschiedene Dienstleistungen rund um den Garten in der Region Talkessel Schwyz und Vierwaldst\u00e4ttersee. Der Betrieb z\u00e4hlt rund 11 Mitarbeiter:innen, die Tag verschiedene Projekte umsetzen. Julia steht mir immer ehrlich zur [&hellip;]","og_url":"http:\/\/juliahatt.ch\/index.php\/relaunch-und-seo-fuer-camenzind-gartenbau\/","og_site_name":"Julia Hatt","article_modified_time":"2022-02-03T13:29:24+00:00","og_image":[{"url":"http:\/\/juliahatt.ch\/wp-content\/uploads\/2022\/02\/Camenzind-gartenbau.jpg"}],"twitter_card":"summary_large_image","twitter_misc":{"Gesch\u00e4tzte Lesezeit":"4\u00a0Minuten"},"schema":{"@context":"https:\/\/schema.org","@graph":[{"@type":"WebPage","@id":"http:\/\/juliahatt.ch\/index.php\/relaunch-und-seo-fuer-camenzind-gartenbau\/","url":"http:\/\/juliahatt.ch\/index.php\/relaunch-und-seo-fuer-camenzind-gartenbau\/","name":"Relaunch und SEO f\u00fcr Camenzind Gartenbau - Julia Hatt","isPartOf":{"@id":"http:\/\/juliahatt.ch\/#website"},"datePublished":"2022-02-03T09:09:33+00:00","dateModified":"2022-02-03T13:29:24+00:00","breadcrumb":{"@id":"http:\/\/juliahatt.ch\/index.php\/relaunch-und-seo-fuer-camenzind-gartenbau\/#breadcrumb"},"inLanguage":"de","potentialAction":[{"@type":"ReadAction","target":["http:\/\/juliahatt.ch\/index.php\/relaunch-und-seo-fuer-camenzind-gartenbau\/"]}]},{"@type":"BreadcrumbList","@id":"http:\/\/juliahatt.ch\/index.php\/relaunch-und-seo-fuer-camenzind-gartenbau\/#breadcrumb","itemListElement":[{"@type":"ListItem","position":1,"name":"Startseite","item":"http:\/\/juliahatt.ch\/"},{"@type":"ListItem","position":2,"name":"Relaunch und SEO f\u00fcr Camenzind Gartenbau"}]},{"@type":"WebSite","@id":"http:\/\/juliahatt.ch\/#website","url":"http:\/\/juliahatt.ch\/","name":"Julia Hatt","description":"Online Marketing Expertin","publisher":{"@id":"http:\/\/juliahatt.ch\/#organization"},"potentialAction":[{"@type":"SearchAction","target":{"@type":"EntryPoint","urlTemplate":"http:\/\/juliahatt.ch\/?s={search_term_string}"},"query-input":"required name=search_term_string"}],"inLanguage":"de"},{"@type":"Organization","@id":"http:\/\/juliahatt.ch\/#organization","name":"Julia Hatt","url":"http:\/\/juliahatt.ch\/","logo":{"@type":"ImageObject","inLanguage":"de","@id":"http:\/\/juliahatt.ch\/#\/schema\/logo\/image\/","url":"http:\/\/juliahatt.ch\/wp-content\/uploads\/2022\/02\/cropped-julia-hatt-logo-k.jpg","contentUrl":"http:\/\/juliahatt.ch\/wp-content\/uploads\/2022\/02\/cropped-julia-hatt-logo-k.jpg","width":190,"height":190,"caption":"Julia Hatt"},"image":{"@id":"http:\/\/juliahatt.ch\/#\/schema\/logo\/image\/"}}]}},"_links":{"self":[{"href":"http:\/\/juliahatt.ch\/index.php\/wp-json\/wp\/v2\/pages\/129","targetHints":{"allow":["GET"]}}],"collection":[{"href":"http:\/\/juliahatt.ch\/index.php\/wp-json\/wp\/v2\/pages"}],"about":[{"href":"http:\/\/juliahatt.ch\/index.php\/wp-json\/wp\/v2\/types\/page"}],"author":[{"embeddable":true,"href":"http:\/\/juliahatt.ch\/index.php\/wp-json\/wp\/v2\/users\/1"}],"replies":[{"embeddable":true,"href":"http:\/\/juliahatt.ch\/index.php\/wp-json\/wp\/v2\/comments?post=129"}],"version-history":[{"count":36,"href":"http:\/\/juliahatt.ch\/index.php\/wp-json\/wp\/v2\/pages\/129\/revisions"}],"predecessor-version":[{"id":228,"href":"http:\/\/juliahatt.ch\/index.php\/wp-json\/wp\/v2\/pages\/129\/revisions\/228"}],"wp:attachment":[{"href":"http:\/\/juliahatt.ch\/index.php\/wp-json\/wp\/v2\/media?parent=129"}],"curies":[{"name":"wp","href":"https:\/\/api.w.org\/{rel}","templated":true}]}}